{"id":20,"date":"2022-01-09T22:43:00","date_gmt":"2022-01-09T21:43:00","guid":{"rendered":"http:\/\/kevlarprotectionmaroc.com\/sitenew\/index.php\/home\/"},"modified":"2025-06-02T00:00:09","modified_gmt":"2025-06-01T22:00:09","slug":"home","status":"publish","type":"page","link":"https:\/\/kevlarprotectionmaroc.com\/sitenew\/","title":{"rendered":"Home"},"content":{"rendered":"\n<figure class=\"wp-block-image size-full\"><img loading=\"lazy\" decoding=\"async\" width=\"871\" height=\"401\" src=\"https:\/\/kevlarprotectionmaroc.com\/sitenew\/wp-content\/uploads\/2022\/01\/KEVLAR.png\" alt=\"\" class=\"wp-image-129\" srcset=\"https:\/\/kevlarprotectionmaroc.com\/sitenew\/wp-content\/uploads\/2022\/01\/KEVLAR.png 871w, https:\/\/kevlarprotectionmaroc.com\/sitenew\/wp-content\/uploads\/2022\/01\/KEVLAR-300x138.png 300w, https:\/\/kevlarprotectionmaroc.com\/sitenew\/wp-content\/uploads\/2022\/01\/KEVLAR-768x354.png 768w\" sizes=\"auto, (max-width: 871px) 100vw, 871px\" \/><figcaption>Port\u00e9 par un projet d\u2019entreprise ambitieux et des ressources humaines mobilis\u00e9es autour d\u2019une vision commune, le groupe IEFM consolide son leadership, en poursuivant une politique d\u2019innovation et une strat\u00e9gie de croissance entreprenante internationale, qui donne \u00e0 son r\u00e9seau une autre dimension mondiale, dynamisme et r\u00e9activit\u00e9&nbsp;:&nbsp;<br>Pour plus d\u2019information&nbsp;:&nbsp;<a href=\"http:\/\/www.iefm.ma\/\">www.iefm.ma<\/a><\/figcaption><\/figure>\n","protected":false},"excerpt":{"rendered":"","protected":false},"author":1,"featured_media":0,"parent":0,"menu_order":0,"comment_status":"closed","ping_status":"closed","template":"homepage-template.php","meta":{"footnotes":""},"class_list":["post-20","page","type-page","status-publish","hentry"],"_links":{"self":[{"href":"https:\/\/kevlarprotectionmaroc.com\/sitenew\/index.php\/wp-json\/wp\/v2\/pages\/20","targetHints":{"allow":["GET"]}}],"collection":[{"href":"https:\/\/kevlarprotectionmaroc.com\/sitenew\/index.php\/wp-json\/wp\/v2\/pages"}],"about":[{"href":"https:\/\/kevlarprotectionmaroc.com\/sitenew\/index.php\/wp-json\/wp\/v2\/types\/page"}],"author":[{"embeddable":true,"href":"https:\/\/kevlarprotectionmaroc.com\/sitenew\/index.php\/wp-json\/wp\/v2\/users\/1"}],"replies":[{"embeddable":true,"href":"https:\/\/kevlarprotectionmaroc.com\/sitenew\/index.php\/wp-json\/wp\/v2\/comments?post=20"}],"version-history":[{"count":2,"href":"https:\/\/kevlarprotectionmaroc.com\/sitenew\/index.php\/wp-json\/wp\/v2\/pages\/20\/revisions"}],"predecessor-version":[{"id":150,"href":"https:\/\/kevlarprotectionmaroc.com\/sitenew\/index.php\/wp-json\/wp\/v2\/pages\/20\/revisions\/150"}],"wp:attachment":[{"href":"https:\/\/kevlarprotectionmaroc.com\/sitenew\/index.php\/wp-json\/wp\/v2\/media?parent=20"}],"curies":[{"name":"wp","href":"https:\/\/api.w.org\/{rel}","templated":true}]}}